{"id":41,"date":"2007-12-02T17:27:23","date_gmt":"2007-12-02T16:27:23","guid":{"rendered":"http:\/\/www.riecker.eu\/blog\/?page_id=41"},"modified":"2012-01-15T13:18:11","modified_gmt":"2012-01-15T11:18:11","slug":"uber-mich","status":"publish","type":"page","link":"https:\/\/www.riecker.eu\/blog\/uber-mich\/","title":{"rendered":"\u00c3\u0153ber mich"},"content":{"rendered":"<p>Hmm&#8230; joa&#8230; was soll ich hier schreiben?<\/p>\n<p>Ich hei\u00c3\u0178e Simon, bin 26 Jahre alt, komme urspr\u00c3\u00bcnglich aus <a title=\"Gemeinde Kirchheim am Neckar\" href=\"http:\/\/www.kirchheim-n.de\" target=\"_blank\">Kirchheim am Neckar<\/a> (bei Stuttgart) und studierte von 2004 bis 2009 <a title=\"Wirtschaftsinformatik an der FH GI-FB\" href=\"http:\/\/www.fh-giessen-friedberg.de\/site\/FB13-MND\/Wirtschaftsinformatik.html\" target=\"_blank\">Wirtschaftsinformatik<\/a> an der <a title=\"Fachhochschule Gie\u00c3\u0178en-Friedberg\" href=\"http:\/\/www.fh-giessen-friedberg.de\" target=\"_blank\">Fachhochschule<\/a> in <a title=\"Stadt Friedberg (Hessen)\" href=\"http:\/\/www.friedberg-hessen.de\" target=\"_blank\">Friedberg<\/a> (bei Frankfurt).<br \/>\nZus\u00c3\u00a4tzlich war ich als Praktikant\/Werkstudent bei der <a title=\"Internetpr\u00c3\u00a4senz der IBM Deutschland GmbH\" href=\"http:\/\/www.ibm.de\" target=\"_blank\">IBM Global Business Services<\/a> in Frankfurt-Sossenheim t\u00c3\u00a4tig.<br \/>\nMeine Diplomarbeit schrieb ich \u00c3\u00bcber die Entwicklung eines E-Learning-Tools f\u00c3\u00bcr eine Logistikanwendung bei <a title=\"DHL Global Mail\" href=\"http:\/\/www.dhl-globalmail.com\" target=\"_blank\">DHL GlobalMail<\/a> in Bonn.<br \/>\nIm Anschluss daran arbeitete ich als Application Developer bei <a title=\"DHL Global Mail UK\" href=\"http:\/\/www.dhlglobalmail.co.uk\" target=\"_blank\">DHL Global Mail UK<\/a> in <a title=\"Egham bei Wikipedia\" href=\"http:\/\/de.wikipedia.org\/wiki\/Egham\" target=\"_blank\">Egham<\/a> (im Gro\u00c3\u0178raum London). Seit September 2011 lebe und arbeite ich wieder in Bonn.<\/p>\n<p>Meine Interessen liegen in modernen Medien (alles rund um PC, Mobilfunk, Software &#8211; aber auch deren Einfl\u00c3\u00bcsse auf die Gesellschaft) und in der Bahn bzw. Modellbahn.<br \/>\nEine weitere T\u00c3\u00a4tigkeit in meiner Freizeit ist Badmintonspielen, welcher ich im Hochschulsport meiner Fachhochschule nachging.<br \/>\nUnd wenn ich mal Zeit und Muse finde, fotografier ich hin und wieder auch ein bisschen&#8230; siehe auch <a title=\"Fotos\" href=\"http:\/\/www.riecker.eu\/blog\/?page_id=42\">hier<br \/>\n<\/a>Auch das Kennenlernen fremder Kulturen (auch Reisen genannt) z\u00c3\u00a4hle ich zu den Interessen&#8230; Beispiele z.B. <a title=\"Meine Australienbilder\" href=\"http:\/\/www.riecker.eu\/blog\/australienbilder\/\" target=\"_self\">hier<\/a> oder <a title=\"Meine Portugalreise\" href=\"http:\/\/portugal.simonriecker.de\/\" target=\"_self\">hier<\/a>.<\/p>\n<p>Falls noch weitere Fragen zu mir bestehen, darf mir gerne eine Email geschrieben werden&#8230; Adresse im Impressum&#8230;<\/p>\n","protected":false},"excerpt":{"rendered":"<p>Hmm&#8230; joa&#8230; was soll ich hier schreiben? Ich hei\u00c3\u0178e Simon, bin 26 Jahre alt, komme urspr\u00c3\u00bcnglich aus Kirchheim am Neckar (bei Stuttgart) und studierte von 2004 bis 2009 Wirtschaftsinformatik an der Fachhochschule in Friedberg (bei Frankfurt). Zus\u00c3\u00a4tzlich war ich als Praktikant\/Werkstudent bei der IBM Global Business Services in Frankfurt-Sossenheim t\u00c3\u00a4tig. Meine Diplomarbeit schrieb ich \u00c3\u00bcber [&hellip;]<\/p>\n","protected":false},"author":1,"featured_media":0,"parent":0,"menu_order":1,"comment_status":"open","ping_status":"open","template":"","meta":{"ngg_post_thumbnail":0,"footnotes":""},"class_list":["post-41","page","type-page","status-publish","hentry"],"_links":{"self":[{"href":"https:\/\/www.riecker.eu\/blog\/wp-json\/wp\/v2\/pages\/41","targetHints":{"allow":["GET"]}}],"collection":[{"href":"https:\/\/www.riecker.eu\/blog\/wp-json\/wp\/v2\/pages"}],"about":[{"href":"https:\/\/www.riecker.eu\/blog\/wp-json\/wp\/v2\/types\/page"}],"author":[{"embeddable":true,"href":"https:\/\/www.riecker.eu\/blog\/wp-json\/wp\/v2\/users\/1"}],"replies":[{"embeddable":true,"href":"https:\/\/www.riecker.eu\/blog\/wp-json\/wp\/v2\/comments?post=41"}],"version-history":[{"count":8,"href":"https:\/\/www.riecker.eu\/blog\/wp-json\/wp\/v2\/pages\/41\/revisions"}],"predecessor-version":[{"id":253,"href":"https:\/\/www.riecker.eu\/blog\/wp-json\/wp\/v2\/pages\/41\/revisions\/253"}],"wp:attachment":[{"href":"https:\/\/www.riecker.eu\/blog\/wp-json\/wp\/v2\/media?parent=41"}],"curies":[{"name":"wp","href":"https:\/\/api.w.org\/{rel}","templated":true}]}}