{"id":2,"date":"2007-11-18T11:54:33","date_gmt":"2007-11-18T10:54:33","guid":{"rendered":""},"modified":"2011-03-26T11:20:34","modified_gmt":"2011-03-26T09:20:34","slug":"impressum","status":"publish","type":"page","link":"https:\/\/www.riecker.eu\/blog\/impressum\/","title":{"rendered":"Impressum"},"content":{"rendered":"<p>Betreiber dieser privaten Homepage ist Simon Riecker.<\/p>\n<p>Erreichbar per elektronischer Post unter der Emailadresse simon[at]riecker[dot]eu<br \/>\nPGP-Key: <a title=\"PGP-Key\" href=\"http:\/\/pgp.mit.edu:11371\/pks\/lookup?op=get&amp;search=0xdec5ba74\" target=\"_blank\">http:\/\/pgp.mit.edu:11371\/pks\/lookup?op=get&amp;search=0xdec5ba74<\/a><br \/>\nFingerprint: EF45 87EE FD8D 0B23 4095 5FDC 4B5D EC92 DEC5 BA74<\/p>\n<p>Das Urheberrecht f\u00c3\u00bcr alle Bilder\/Grafiken (au\u00c3\u0178er es wurde anders gekennzeichnet) liegt bei mir. Sofern diese f\u00c3\u00bcr jegliche Zwecke benutzt werden sollen, bitte ich doch darum, mich vorher um Erlaubnis zu fragen.<\/p>\n<p>Ich erkl\u00c3\u00a4re hiermit, dass ich nicht f\u00c3\u00bcr den Inhalt externer Inhalte verantwortlich bin, und daher jegliche Haftung daf\u00c3\u00bcr ablehne.<\/p>\n<p>F\u00c3\u00bcr Kommentare externer Benutzer lehne ich auch jegliche Haftung ab. F\u00c3\u00bcr deren Inhalt ist der jeweilige Autor verantwortlich. Hierzu werden bei einem Kommentar (und nur da) der Zeitpunkt des Kommentars und die IP-Adresse des Autors gespeichert.<\/p>\n<p>Aus Trackinggr\u00c3\u00bcnden setze ich <a title=\"Google Analytics bei Wikipedia\" href=\"http:\/\/de.wikipedia.org\/wiki\/Google_Analytics\" target=\"_blank\">Google Analytics<\/a> und aus Spamschutzgr\u00c3\u00bcnden das Tool <a title=\"Akismet bei Wikipedia\" href=\"http:\/\/de.wikipedia.org\/wiki\/Akismet\" target=\"_blank\">Akismet<\/a> ein.<\/p>\n","protected":false},"excerpt":{"rendered":"<p>Betreiber dieser privaten Homepage ist Simon Riecker. Erreichbar per elektronischer Post unter der Emailadresse simon[at]riecker[dot]eu PGP-Key: http:\/\/pgp.mit.edu:11371\/pks\/lookup?op=get&amp;search=0xdec5ba74 Fingerprint: EF45 87EE FD8D 0B23 4095 5FDC 4B5D EC92 DEC5 BA74 Das Urheberrecht f\u00c3\u00bcr alle Bilder\/Grafiken (au\u00c3\u0178er es wurde anders gekennzeichnet) liegt bei mir. Sofern diese f\u00c3\u00bcr jegliche Zwecke benutzt werden sollen, bitte ich doch darum, mich vorher [&hellip;]<\/p>\n","protected":false},"author":1,"featured_media":0,"parent":0,"menu_order":9,"comment_status":"closed","ping_status":"open","template":"","meta":{"ngg_post_thumbnail":0,"footnotes":""},"class_list":["post-2","page","type-page","status-publish","hentry"],"_links":{"self":[{"href":"https:\/\/www.riecker.eu\/blog\/wp-json\/wp\/v2\/pages\/2","targetHints":{"allow":["GET"]}}],"collection":[{"href":"https:\/\/www.riecker.eu\/blog\/wp-json\/wp\/v2\/pages"}],"about":[{"href":"https:\/\/www.riecker.eu\/blog\/wp-json\/wp\/v2\/types\/page"}],"author":[{"embeddable":true,"href":"https:\/\/www.riecker.eu\/blog\/wp-json\/wp\/v2\/users\/1"}],"replies":[{"embeddable":true,"href":"https:\/\/www.riecker.eu\/blog\/wp-json\/wp\/v2\/comments?post=2"}],"version-history":[{"count":3,"href":"https:\/\/www.riecker.eu\/blog\/wp-json\/wp\/v2\/pages\/2\/revisions"}],"predecessor-version":[{"id":246,"href":"https:\/\/www.riecker.eu\/blog\/wp-json\/wp\/v2\/pages\/2\/revisions\/246"}],"wp:attachment":[{"href":"https:\/\/www.riecker.eu\/blog\/wp-json\/wp\/v2\/media?parent=2"}],"curies":[{"name":"wp","href":"https:\/\/api.w.org\/{rel}","templated":true}]}}